{"id":24338,"date":"2024-02-07T06:57:31","date_gmt":"2024-02-07T09:57:31","guid":{"rendered":"https:\/\/blog1.omens.com.br\/?page_id=24338"},"modified":"2025-07-22T18:10:44","modified_gmt":"2025-07-22T21:10:44","slug":"burnout","status":"publish","type":"page","link":"https:\/\/omens.com.br\/blog\/burnout\/","title":{"rendered":"S\u00edndrome de Burnout"},"content":{"rendered":"\t\t<div data-elementor-type=\"wp-page\" data-elementor-id=\"24338\" class=\"elementor elementor-24338\" data-elementor-post-type=\"page\">\n\t\t\t\t\t\t<section class=\"elementor-section elementor-top-section elementor-element elementor-element-f89b67f elementor-section-boxed elementor-section-height-default elementor-section-height-default\" data-id=\"f89b67f\" data-element_type=\"section\">\n\t\t\t\t\t\t<div class=\"elementor-container elementor-column-gap-default\">\n\t\t\t\t\t<div class=\"elementor-column elementor-col-66 elementor-top-column elementor-element elementor-element-3159485\" data-id=\"3159485\" data-element_type=\"column\">\n\t\t\t<div class=\"elementor-widget-wrap elementor-element-populated\">\n\t\t\t\t\t\t<div class=\"elementor-element elementor-element-ee1b8e4 elementor-grid-1 elementor-posts__hover-none elementor-grid-tablet-1 elementor-grid-mobile-1 elementor-posts--thumbnail-top elementor-card-shadow-yes elementor-widget elementor-widget-posts\" data-id=\"ee1b8e4\" data-element_type=\"widget\" data-settings=\"{&quot;cards_columns&quot;:&quot;1&quot;,&quot;cards_row_gap&quot;:{&quot;unit&quot;:&quot;px&quot;,&quot;size&quot;:0,&quot;sizes&quot;:[]},&quot;cards_columns_tablet&quot;:&quot;1&quot;,&quot;cards_columns_mobile&quot;:&quot;1&quot;,&quot;cards_row_gap_tablet&quot;:{&quot;unit&quot;:&quot;px&quot;,&quot;size&quot;:&quot;&quot;,&quot;sizes&quot;:[]},&quot;cards_row_gap_mobile&quot;:{&quot;unit&quot;:&quot;px&quot;,&quot;size&quot;:&quot;&quot;,&quot;sizes&quot;:[]}}\" data-widget_type=\"posts.cards\">\n\t\t\t\t<div class=\"elementor-widget-container\">\n\t\t\t\t\t\t\t<div class=\"elementor-posts-container elementor-posts elementor-posts--skin-cards elementor-grid\">\n\t\t\t\t<article class=\"elementor-post elementor-grid-item post-24324 post type-post status-publish format-standard has-post-thumbnail hentry category-burnout tag-escrito-por-tieny\">\n\t\t\t<div class=\"elementor-post__card\">\n\t\t\t\t<a class=\"elementor-post__thumbnail__link\" href=\"https:\/\/omens.com.br\/blog\/burnout\/sindrome-de-burnout-tratamento\/\" tabindex=\"-1\" ><div class=\"elementor-post__thumbnail\"><img decoding=\"async\" src=\"https:\/\/blog1.omens.com.br\/wp-content\/uploads\/2023\/10\/sindrome-de-burnout-tratamento.webp\" class=\"attachment-full size-full wp-image-24336\" alt=\"ovos pintados com carinhas, sendo que um deles tem dois X no lugar dos olhos, simbolizando o esgotamento emocional do burnout\" \/><\/div><\/a>\n\t\t\t\t<div class=\"elementor-post__badge\">Burnout<\/div>\n\t\t\t\t<div class=\"elementor-post__text\">\n\t\t\t\t<h3 class=\"elementor-post__title\">\n\t\t\t<a href=\"https:\/\/omens.com.br\/blog\/burnout\/sindrome-de-burnout-tratamento\/\" >\n\t\t\t\tComo tratar a s\u00edndrome de burnout\t\t\t<\/a>\n\t\t<\/h3>\n\t\t\t\t<\/div>\n\t\t\t\t\t<\/div>\n\t\t<\/article>\n\t\t\t\t<\/div>\n\t\t\n\t\t\t\t\t\t<\/div>\n\t\t\t\t<\/div>\n\t\t\t\t\t<\/div>\n\t\t<\/div>\n\t\t\t\t<div class=\"elementor-column elementor-col-33 elementor-top-column elementor-element elementor-element-3633c3d\" data-id=\"3633c3d\" data-element_type=\"column\">\n\t\t\t<div class=\"elementor-widget-wrap elementor-element-populated\">\n\t\t\t\t\t\t<div class=\"elementor-element elementor-element-14f9979 elementor-grid-1 elementor-posts__hover-none elementor-grid-tablet-1 elementor-grid-mobile-1 elementor-posts--thumbnail-top elementor-card-shadow-yes elementor-widget elementor-widget-posts\" data-id=\"14f9979\" data-element_type=\"widget\" data-settings=\"{&quot;cards_columns&quot;:&quot;1&quot;,&quot;cards_row_gap&quot;:{&quot;unit&quot;:&quot;px&quot;,&quot;size&quot;:0,&quot;sizes&quot;:[]},&quot;cards_columns_tablet&quot;:&quot;1&quot;,&quot;cards_columns_mobile&quot;:&quot;1&quot;,&quot;cards_row_gap_tablet&quot;:{&quot;unit&quot;:&quot;px&quot;,&quot;size&quot;:&quot;&quot;,&quot;sizes&quot;:[]},&quot;cards_row_gap_mobile&quot;:{&quot;unit&quot;:&quot;px&quot;,&quot;size&quot;:&quot;&quot;,&quot;sizes&quot;:[]}}\" data-widget_type=\"posts.cards\">\n\t\t\t\t<div class=\"elementor-widget-container\">\n\t\t\t\t\t\t\t<div class=\"elementor-posts-container elementor-posts elementor-posts--skin-cards elementor-grid\">\n\t\t\t\t<article class=\"elementor-post elementor-grid-item post-28061 post type-post status-publish format-standard has-post-thumbnail hentry category-burnout\">\n\t\t\t<div class=\"elementor-post__card\">\n\t\t\t\t<a class=\"elementor-post__thumbnail__link\" href=\"https:\/\/omens.com.br\/blog\/burnout\/sinais-de-burnout\/\" tabindex=\"-1\" ><div class=\"elementor-post__thumbnail\"><img fetchpriority=\"high\" decoding=\"async\" width=\"1000\" height=\"280\" src=\"https:\/\/blog1.omens.com.br\/wp-content\/uploads\/2025\/07\/sinais-de-burnout-omens.webp\" class=\"attachment-full size-full wp-image-28064 not-transparent\" alt=\"homem exausto trabalhando de frente para o computador\" srcset=\"https:\/\/blog1.omens.com.br\/wp-content\/uploads\/2025\/07\/sinais-de-burnout-omens.webp 1000w, https:\/\/blog1.omens.com.br\/wp-content\/uploads\/2025\/07\/sinais-de-burnout-omens-800x224.webp 800w, https:\/\/blog1.omens.com.br\/wp-content\/uploads\/2025\/07\/sinais-de-burnout-omens-768x215.webp 768w\" sizes=\"(max-width: 1000px) 100vw, 1000px\" data-has-transparency=\"false\" data-dominant-color=\"63666b\" style=\"--dominant-color: #63666b;\" \/><\/div><\/a>\n\t\t\t\t<div class=\"elementor-post__badge\">Burnout<\/div>\n\t\t\t\t<div class=\"elementor-post__text\">\n\t\t\t\t<h3 class=\"elementor-post__title\">\n\t\t\t<a href=\"https:\/\/omens.com.br\/blog\/burnout\/sinais-de-burnout\/\" >\n\t\t\t\tOs sinais de um poss\u00edvel Burnout\t\t\t<\/a>\n\t\t<\/h3>\n\t\t\t\t<\/div>\n\t\t\t\t\t<\/div>\n\t\t<\/article>\n\t\t\t\t<\/div>\n\t\t\n\t\t\t\t\t\t<\/div>\n\t\t\t\t<\/div>\n\t\t\t\t\t<\/div>\n\t\t<\/div>\n\t\t\t\t\t<\/div>\n\t\t<\/section>\n\t\t\t\t<section class=\"elementor-section elementor-top-section elementor-element elementor-element-8332f42 elementor-section-boxed elementor-section-height-default elementor-section-height-default\" data-id=\"8332f42\" data-element_type=\"section\">\n\t\t\t\t\t\t<div class=\"elementor-container elementor-column-gap-default\">\n\t\t\t\t\t<div class=\"elementor-column elementor-col-100 elementor-top-column elementor-element elementor-element-4846c49\" data-id=\"4846c49\" data-element_type=\"column\">\n\t\t\t<div class=\"elementor-widget-wrap elementor-element-populated\">\n\t\t\t\t\t\t<div class=\"elementor-element elementor-element-55a7d13 elementor-widget elementor-widget-heading\" data-id=\"55a7d13\" data-element_type=\"widget\" data-widget_type=\"heading.default\">\n\t\t\t\t<div class=\"elementor-widget-container\">\n\t\t\t\t\t<h2 class=\"elementor-heading-title elementor-size-default\">S\u00edndrome de Burnout<\/h2>\t\t\t\t<\/div>\n\t\t\t\t<\/div>\n\t\t\t\t\t<\/div>\n\t\t<\/div>\n\t\t\t\t\t<\/div>\n\t\t<\/section>\n\t\t\t\t<section class=\"elementor-section elementor-top-section elementor-element elementor-element-a3f9937 elementor-section-boxed elementor-section-height-default elementor-section-height-default\" data-id=\"a3f9937\" data-element_type=\"section\">\n\t\t\t\t\t\t<div class=\"elementor-container elementor-column-gap-default\">\n\t\t\t\t\t<div class=\"elementor-column elementor-col-100 elementor-top-column elementor-element elementor-element-380cffa\" data-id=\"380cffa\" data-element_type=\"column\">\n\t\t\t<div class=\"elementor-widget-wrap elementor-element-populated\">\n\t\t\t\t\t\t<div class=\"elementor-element elementor-element-c9c860a elementor-grid-2 elementor-posts--thumbnail-left elementor-grid-tablet-2 elementor-grid-mobile-1 elementor-widget elementor-widget-posts\" data-id=\"c9c860a\" data-element_type=\"widget\" data-settings=\"{&quot;classic_columns&quot;:&quot;2&quot;,&quot;classic_row_gap&quot;:{&quot;unit&quot;:&quot;px&quot;,&quot;size&quot;:15,&quot;sizes&quot;:[]},&quot;classic_columns_tablet&quot;:&quot;2&quot;,&quot;classic_columns_mobile&quot;:&quot;1&quot;,&quot;classic_row_gap_tablet&quot;:{&quot;unit&quot;:&quot;px&quot;,&quot;size&quot;:&quot;&quot;,&quot;sizes&quot;:[]},&quot;classic_row_gap_mobile&quot;:{&quot;unit&quot;:&quot;px&quot;,&quot;size&quot;:&quot;&quot;,&quot;sizes&quot;:[]}}\" data-widget_type=\"posts.classic\">\n\t\t\t\t<div class=\"elementor-widget-container\">\n\t\t\t\t\t\t\t<div class=\"elementor-posts-container elementor-posts elementor-posts--skin-classic elementor-grid\">\n\t\t\t\t<article class=\"elementor-post elementor-grid-item post-28061 post type-post status-publish format-standard has-post-thumbnail hentry category-burnout\">\n\t\t\t\t<a class=\"elementor-post__thumbnail__link\" href=\"https:\/\/omens.com.br\/blog\/burnout\/sinais-de-burnout\/\" tabindex=\"-1\" >\n\t\t\t<div class=\"elementor-post__thumbnail\"><img decoding=\"async\" width=\"800\" height=\"224\" src=\"https:\/\/blog1.omens.com.br\/wp-content\/uploads\/2025\/07\/sinais-de-burnout-omens-800x224.webp\" class=\"attachment-medium size-medium wp-image-28064 not-transparent\" alt=\"homem exausto trabalhando de frente para o computador\" data-has-transparency=\"false\" data-dominant-color=\"63666b\" style=\"--dominant-color: #63666b\" srcset=\"https:\/\/blog1.omens.com.br\/wp-content\/uploads\/2025\/07\/sinais-de-burnout-omens-800x224.webp 800w, https:\/\/blog1.omens.com.br\/wp-content\/uploads\/2025\/07\/sinais-de-burnout-omens-768x215.webp 768w, https:\/\/blog1.omens.com.br\/wp-content\/uploads\/2025\/07\/sinais-de-burnout-omens.webp 1000w\" sizes=\"(max-width: 800px) 100vw, 800px\" \/><\/div>\n\t\t<\/a>\n\t\t\t\t<div class=\"elementor-post__text\">\n\t\t\t\t<h3 class=\"elementor-post__title\">\n\t\t\t<a href=\"https:\/\/omens.com.br\/blog\/burnout\/sinais-de-burnout\/\" >\n\t\t\t\tOs sinais de um poss\u00edvel Burnout\t\t\t<\/a>\n\t\t<\/h3>\n\t\t\t\t<div class=\"elementor-post__excerpt\">\n\t\t\t<p>Voc\u00ea j\u00e1 sentiu tanto cansa\u00e7o f\u00edsico e mental que descansar na folga n\u00e3o bastou?<\/p>\n\t\t<\/div>\n\t\t\t\t<\/div>\n\t\t\t\t<\/article>\n\t\t\t\t<article class=\"elementor-post elementor-grid-item post-24324 post type-post status-publish format-standard has-post-thumbnail hentry category-burnout tag-escrito-por-tieny\">\n\t\t\t\t<a class=\"elementor-post__thumbnail__link\" href=\"https:\/\/omens.com.br\/blog\/burnout\/sindrome-de-burnout-tratamento\/\" tabindex=\"-1\" >\n\t\t\t<div class=\"elementor-post__thumbnail\"><img decoding=\"async\" width=\"1\" height=\"1\" src=\"https:\/\/blog1.omens.com.br\/wp-content\/uploads\/2023\/10\/sindrome-de-burnout-tratamento.webp\" class=\"attachment-medium size-medium wp-image-24336\" alt=\"ovos pintados com carinhas, sendo que um deles tem dois X no lugar dos olhos, simbolizando o esgotamento emocional do burnout\" \/><\/div>\n\t\t<\/a>\n\t\t\t\t<div class=\"elementor-post__text\">\n\t\t\t\t<h3 class=\"elementor-post__title\">\n\t\t\t<a href=\"https:\/\/omens.com.br\/blog\/burnout\/sindrome-de-burnout-tratamento\/\" >\n\t\t\t\tComo tratar a s\u00edndrome de burnout\t\t\t<\/a>\n\t\t<\/h3>\n\t\t\t\t<div class=\"elementor-post__excerpt\">\n\t\t\t<p>O tratamento pode incluir antidepressivos, psicoterapia, mudan\u00e7a no estilo de vida&#8230;<\/p>\n\t\t<\/div>\n\t\t\t\t<\/div>\n\t\t\t\t<\/article>\n\t\t\t\t<\/div>\n\t\t\n\t\t\t\t\t\t<\/div>\n\t\t\t\t<\/div>\n\t\t\t\t\t<\/div>\n\t\t<\/div>\n\t\t\t\t\t<\/div>\n\t\t<\/section>\n\t\t\t\t<\/div>\n\t\t","protected":false},"excerpt":{"rendered":"","protected":false},"author":12,"featured_media":0,"parent":0,"menu_order":0,"comment_status":"closed","ping_status":"closed","template":"","meta":{"footnotes":""},"class_list":["post-24338","page","type-page","status-publish","hentry"],"yoast_head":"<!-- This site is optimized with the Yoast SEO plugin v27.4 - https:\/\/yoast.com\/product\/yoast-seo-wordpress\/ -->\n<title>Burnout<\/title>\n<meta name=\"robots\" content=\"index, follow, max-snippet:-1, max-image-preview:large, max-video-preview:-1\" \/>\n<link rel=\"canonical\" href=\"https:\/\/omens.com.br\/blog\/burnout\/\" \/>\n<meta property=\"og:locale\" content=\"pt_BR\" \/>\n<meta property=\"og:type\" content=\"article\" \/>\n<meta property=\"og:title\" content=\"Burnout\" \/>\n<meta property=\"og:url\" content=\"https:\/\/omens.com.br\/blog\/burnout\/\" \/>\n<meta property=\"og:site_name\" content=\"Blog Omens\" \/>\n<meta property=\"article:publisher\" content=\"https:\/\/www.facebook.com\/Omensbrasil\/\" \/>\n<meta property=\"article:modified_time\" content=\"2025-07-22T21:10:44+00:00\" \/>\n<meta name=\"twitter:card\" content=\"summary_large_image\" \/>\n<meta name=\"twitter:site\" content=\"@omensbr\" \/>\n<meta name=\"twitter:label1\" content=\"Est. tempo de leitura\" \/>\n\t<meta name=\"twitter:data1\" content=\"1 minuto\" \/>\n<!-- \/ Yoast SEO plugin. -->","yoast_head_json":{"title":"Burnout","robots":{"index":"index","follow":"follow","max-snippet":"max-snippet:-1","max-image-preview":"max-image-preview:large","max-video-preview":"max-video-preview:-1"},"canonical":"https:\/\/omens.com.br\/blog\/burnout\/","og_locale":"pt_BR","og_type":"article","og_title":"Burnout","og_url":"https:\/\/omens.com.br\/blog\/burnout\/","og_site_name":"Blog Omens","article_publisher":"https:\/\/www.facebook.com\/Omensbrasil\/","article_modified_time":"2025-07-22T21:10:44+00:00","twitter_card":"summary_large_image","twitter_site":"@omensbr","twitter_misc":{"Est. tempo de leitura":"1 minuto"},"schema":{"@context":"https:\/\/schema.org","@graph":[{"@type":"WebPage","@id":"https:\/\/omens.com.br\/blog\/burnout\/","url":"https:\/\/omens.com.br\/blog\/burnout\/","name":"Burnout","isPartOf":{"@id":"https:\/\/omens.com.br\/blog\/#website"},"datePublished":"2024-02-07T09:57:31+00:00","dateModified":"2025-07-22T21:10:44+00:00","breadcrumb":{"@id":"https:\/\/omens.com.br\/blog\/burnout\/#breadcrumb"},"inLanguage":"pt-BR","potentialAction":[{"@type":"ReadAction","target":["https:\/\/omens.com.br\/blog\/burnout\/"]}]},{"@type":"BreadcrumbList","@id":"https:\/\/omens.com.br\/blog\/burnout\/#breadcrumb","itemListElement":[{"@type":"ListItem","position":1,"name":"BLOG OMENS","item":"https:\/\/omens.com.br\/blog\/"},{"@type":"ListItem","position":2,"name":"S\u00edndrome de Burnout"}]},{"@type":"WebSite","@id":"https:\/\/omens.com.br\/blog\/#website","url":"https:\/\/omens.com.br\/blog\/","name":"Blog Omens","description":"A Omens \u00e9 uma plataforma de intermedia\u00e7\u00e3o de sa\u00fade dedicada ao homem. Ela re\u00fane especialistas brasileiros, urologistas e farmac\u00eauticos para construir uma solu\u00e7\u00e3o de qualidade, segura e acess\u00edvel para todos.","publisher":{"@id":"https:\/\/omens.com.br\/blog\/#organization"},"potentialAction":[{"@type":"SearchAction","target":{"@type":"EntryPoint","urlTemplate":"https:\/\/omens.com.br\/blog\/?s={search_term_string}"},"query-input":{"@type":"PropertyValueSpecification","valueRequired":true,"valueName":"search_term_string"}}],"inLanguage":"pt-BR"},{"@type":"Organization","@id":"https:\/\/omens.com.br\/blog\/#organization","name":"Omens","url":"https:\/\/omens.com.br\/blog\/","logo":{"@type":"ImageObject","inLanguage":"pt-BR","@id":"https:\/\/omens.com.br\/blog\/#\/schema\/logo\/image\/","url":"https:\/\/blog1.omens.com.br\/wp-content\/uploads\/2024\/06\/logo-omens-blog-wide.png","contentUrl":"https:\/\/blog1.omens.com.br\/wp-content\/uploads\/2024\/06\/logo-omens-blog-wide.png","width":200,"height":73,"caption":"Omens"},"image":{"@id":"https:\/\/omens.com.br\/blog\/#\/schema\/logo\/image\/"},"sameAs":["https:\/\/www.facebook.com\/Omensbrasil\/","https:\/\/x.com\/omensbr"]}]}},"_links":{"self":[{"href":"https:\/\/omens.com.br\/blog\/wp-json\/wp\/v2\/pages\/24338","targetHints":{"allow":["GET"]}}],"collection":[{"href":"https:\/\/omens.com.br\/blog\/wp-json\/wp\/v2\/pages"}],"about":[{"href":"https:\/\/omens.com.br\/blog\/wp-json\/wp\/v2\/types\/page"}],"author":[{"embeddable":true,"href":"https:\/\/omens.com.br\/blog\/wp-json\/wp\/v2\/users\/12"}],"replies":[{"embeddable":true,"href":"https:\/\/omens.com.br\/blog\/wp-json\/wp\/v2\/comments?post=24338"}],"version-history":[{"count":10,"href":"https:\/\/omens.com.br\/blog\/wp-json\/wp\/v2\/pages\/24338\/revisions"}],"predecessor-version":[{"id":28052,"href":"https:\/\/omens.com.br\/blog\/wp-json\/wp\/v2\/pages\/24338\/revisions\/28052"}],"wp:attachment":[{"href":"https:\/\/omens.com.br\/blog\/wp-json\/wp\/v2\/media?parent=24338"}],"curies":[{"name":"wp","href":"https:\/\/api.w.org\/{rel}","templated":true}]}}