{"id":21816,"date":"2022-11-08T10:42:53","date_gmt":"2022-11-08T13:42:53","guid":{"rendered":"https:\/\/blog1.omens.com.br\/?page_id=21816"},"modified":"2025-06-23T16:51:32","modified_gmt":"2025-06-23T19:51:32","slug":"cabelo","status":"publish","type":"page","link":"https:\/\/omens.com.br\/blog\/cabelo\/","title":{"rendered":"Cabelo"},"content":{"rendered":"\t\t<div data-elementor-type=\"wp-page\" data-elementor-id=\"21816\" class=\"elementor elementor-21816\" data-elementor-post-type=\"page\">\n\t\t\t\t\t\t<section class=\"elementor-section elementor-top-section elementor-element elementor-element-3a49267 elementor-section-boxed elementor-section-height-default elementor-section-height-default\" data-id=\"3a49267\" data-element_type=\"section\">\n\t\t\t\t\t\t<div class=\"elementor-container elementor-column-gap-default\">\n\t\t\t\t\t<div class=\"elementor-column elementor-col-66 elementor-top-column elementor-element elementor-element-6312bbf\" data-id=\"6312bbf\" data-element_type=\"column\">\n\t\t\t<div class=\"elementor-widget-wrap elementor-element-populated\">\n\t\t\t\t\t\t<div class=\"elementor-element elementor-element-a3fbb5f elementor-grid-1 elementor-posts__hover-none elementor-grid-tablet-1 elementor-grid-mobile-1 elementor-posts--thumbnail-top elementor-card-shadow-yes elementor-widget elementor-widget-posts\" data-id=\"a3fbb5f\" data-element_type=\"widget\" data-settings=\"{&quot;cards_columns&quot;:&quot;1&quot;,&quot;cards_row_gap&quot;:{&quot;unit&quot;:&quot;px&quot;,&quot;size&quot;:0,&quot;sizes&quot;:[]},&quot;cards_columns_tablet&quot;:&quot;1&quot;,&quot;cards_columns_mobile&quot;:&quot;1&quot;,&quot;cards_row_gap_tablet&quot;:{&quot;unit&quot;:&quot;px&quot;,&quot;size&quot;:&quot;&quot;,&quot;sizes&quot;:[]},&quot;cards_row_gap_mobile&quot;:{&quot;unit&quot;:&quot;px&quot;,&quot;size&quot;:&quot;&quot;,&quot;sizes&quot;:[]}}\" data-widget_type=\"posts.cards\">\n\t\t\t\t<div class=\"elementor-widget-container\">\n\t\t\t\t\t\t\t<div class=\"elementor-posts-container elementor-posts elementor-posts--skin-cards elementor-grid\">\n\t\t\t\t<article class=\"elementor-post elementor-grid-item post-29535 post type-post status-publish format-standard has-post-thumbnail hentry category-cabelo tag-escrito-por-seth\">\n\t\t\t<div class=\"elementor-post__card\">\n\t\t\t\t<a class=\"elementor-post__thumbnail__link\" href=\"https:\/\/omens.com.br\/blog\/cabelo\/caspa-no-cabelo\/\" tabindex=\"-1\" ><div class=\"elementor-post__thumbnail\"><img fetchpriority=\"high\" decoding=\"async\" width=\"1000\" height=\"350\" src=\"https:\/\/blog1.omens.com.br\/wp-content\/uploads\/2026\/04\/Caspa-no-cabelo-causas-tratamento-prevencao.webp\" class=\"attachment-full size-full wp-image-29538 not-transparent\" alt=\"m\u00e9dico dermatologista em sua cl\u00ednica apresentando um shampoo anticaspa\" srcset=\"https:\/\/blog1.omens.com.br\/wp-content\/uploads\/2026\/04\/Caspa-no-cabelo-causas-tratamento-prevencao.webp 1000w, https:\/\/blog1.omens.com.br\/wp-content\/uploads\/2026\/04\/Caspa-no-cabelo-causas-tratamento-prevencao-800x280.webp 800w, https:\/\/blog1.omens.com.br\/wp-content\/uploads\/2026\/04\/Caspa-no-cabelo-causas-tratamento-prevencao-768x269.webp 768w\" sizes=\"(max-width: 1000px) 100vw, 1000px\" data-has-transparency=\"false\" data-dominant-color=\"7e8687\" style=\"--dominant-color: #7e8687;\" \/><\/div><\/a>\n\t\t\t\t<div class=\"elementor-post__badge\">Cabelo<\/div>\n\t\t\t\t<div class=\"elementor-post__text\">\n\t\t\t\t<h3 class=\"elementor-post__title\">\n\t\t\t<a href=\"https:\/\/omens.com.br\/blog\/cabelo\/caspa-no-cabelo\/\" >\n\t\t\t\tCaspa no cabelo: causas, tratamento, preven\u00e7\u00e3o\t\t\t<\/a>\n\t\t<\/h3>\n\t\t\t\t<\/div>\n\t\t\t\t\t<\/div>\n\t\t<\/article>\n\t\t\t\t<\/div>\n\t\t\n\t\t\t\t\t\t<\/div>\n\t\t\t\t<\/div>\n\t\t\t\t\t<\/div>\n\t\t<\/div>\n\t\t\t\t<div class=\"elementor-column elementor-col-33 elementor-top-column elementor-element elementor-element-c0c0c40\" data-id=\"c0c0c40\" data-element_type=\"column\">\n\t\t\t<div class=\"elementor-widget-wrap elementor-element-populated\">\n\t\t\t\t\t\t<div class=\"elementor-element elementor-element-55f7206 elementor-grid-1 elementor-posts__hover-none elementor-grid-tablet-1 elementor-grid-mobile-1 elementor-posts--thumbnail-top elementor-card-shadow-yes elementor-widget elementor-widget-posts\" data-id=\"55f7206\" data-element_type=\"widget\" data-settings=\"{&quot;cards_columns&quot;:&quot;1&quot;,&quot;cards_row_gap&quot;:{&quot;unit&quot;:&quot;px&quot;,&quot;size&quot;:0,&quot;sizes&quot;:[]},&quot;cards_columns_tablet&quot;:&quot;1&quot;,&quot;cards_columns_mobile&quot;:&quot;1&quot;,&quot;cards_row_gap_tablet&quot;:{&quot;unit&quot;:&quot;px&quot;,&quot;size&quot;:&quot;&quot;,&quot;sizes&quot;:[]},&quot;cards_row_gap_mobile&quot;:{&quot;unit&quot;:&quot;px&quot;,&quot;size&quot;:&quot;&quot;,&quot;sizes&quot;:[]}}\" data-widget_type=\"posts.cards\">\n\t\t\t\t<div class=\"elementor-widget-container\">\n\t\t\t\t\t\t\t<div class=\"elementor-posts-container elementor-posts elementor-posts--skin-cards elementor-grid\">\n\t\t\t\t<article class=\"elementor-post elementor-grid-item post-21134 post type-post status-publish format-standard has-post-thumbnail hentry category-cabelo tag-escrito-por-seth\">\n\t\t\t<div class=\"elementor-post__card\">\n\t\t\t\t<a class=\"elementor-post__thumbnail__link\" href=\"https:\/\/omens.com.br\/blog\/cabelo\/cetoconazol-shampoo\/\" tabindex=\"-1\" ><div class=\"elementor-post__thumbnail\"><img decoding=\"async\" src=\"https:\/\/blog1.omens.com.br\/wp-content\/uploads\/2022\/10\/cetoconazol-shampoo-anticaspa-bula-como-usar.webp\" class=\"attachment-full size-full wp-image-21135\" alt=\"uma m\u00e3o com shampoo produzido com cetoconazol\" \/><\/div><\/a>\n\t\t\t\t<div class=\"elementor-post__badge\">Cabelo<\/div>\n\t\t\t\t<div class=\"elementor-post__text\">\n\t\t\t\t<h3 class=\"elementor-post__title\">\n\t\t\t<a href=\"https:\/\/omens.com.br\/blog\/cabelo\/cetoconazol-shampoo\/\" >\n\t\t\t\tShampoo cetoconazol: bula e outras informa\u00e7\u00f5es\t\t\t<\/a>\n\t\t<\/h3>\n\t\t\t\t<\/div>\n\t\t\t\t\t<\/div>\n\t\t<\/article>\n\t\t\t\t<\/div>\n\t\t\n\t\t\t\t\t\t<\/div>\n\t\t\t\t<\/div>\n\t\t\t\t\t<\/div>\n\t\t<\/div>\n\t\t\t\t\t<\/div>\n\t\t<\/section>\n\t\t\t\t<section class=\"elementor-section elementor-top-section elementor-element elementor-element-345336d elementor-section-boxed elementor-section-height-default elementor-section-height-default\" data-id=\"345336d\" data-element_type=\"section\">\n\t\t\t\t\t\t<div class=\"elementor-container elementor-column-gap-default\">\n\t\t\t\t\t<div class=\"elementor-column elementor-col-100 elementor-top-column elementor-element elementor-element-657d610\" data-id=\"657d610\" data-element_type=\"column\">\n\t\t\t<div class=\"elementor-widget-wrap elementor-element-populated\">\n\t\t\t\t\t\t<div class=\"elementor-element elementor-element-cc81bd3 elementor-widget elementor-widget-heading\" data-id=\"cc81bd3\" data-element_type=\"widget\" data-widget_type=\"heading.default\">\n\t\t\t\t<div class=\"elementor-widget-container\">\n\t\t\t\t\t<h2 class=\"elementor-heading-title elementor-size-default\">Caspa e outros problemas capilares<\/h2>\t\t\t\t<\/div>\n\t\t\t\t<\/div>\n\t\t\t\t\t<\/div>\n\t\t<\/div>\n\t\t\t\t\t<\/div>\n\t\t<\/section>\n\t\t\t\t<section class=\"elementor-section elementor-top-section elementor-element elementor-element-ecc5dce elementor-section-boxed elementor-section-height-default elementor-section-height-default\" data-id=\"ecc5dce\" data-element_type=\"section\">\n\t\t\t\t\t\t<div class=\"elementor-container elementor-column-gap-default\">\n\t\t\t\t\t<div class=\"elementor-column elementor-col-100 elementor-top-column elementor-element elementor-element-a8fb513\" data-id=\"a8fb513\" data-element_type=\"column\">\n\t\t\t<div class=\"elementor-widget-wrap elementor-element-populated\">\n\t\t\t\t\t\t<div class=\"elementor-element elementor-element-6f78505 elementor-grid-2 elementor-posts--thumbnail-left elementor-grid-tablet-2 elementor-grid-mobile-1 elementor-widget elementor-widget-posts\" data-id=\"6f78505\" data-element_type=\"widget\" data-settings=\"{&quot;classic_columns&quot;:&quot;2&quot;,&quot;classic_row_gap&quot;:{&quot;unit&quot;:&quot;px&quot;,&quot;size&quot;:15,&quot;sizes&quot;:[]},&quot;classic_columns_tablet&quot;:&quot;2&quot;,&quot;classic_columns_mobile&quot;:&quot;1&quot;,&quot;classic_row_gap_tablet&quot;:{&quot;unit&quot;:&quot;px&quot;,&quot;size&quot;:&quot;&quot;,&quot;sizes&quot;:[]},&quot;classic_row_gap_mobile&quot;:{&quot;unit&quot;:&quot;px&quot;,&quot;size&quot;:&quot;&quot;,&quot;sizes&quot;:[]}}\" data-widget_type=\"posts.classic\">\n\t\t\t\t<div class=\"elementor-widget-container\">\n\t\t\t\t\t\t\t<div class=\"elementor-posts-container elementor-posts elementor-posts--skin-classic elementor-grid\">\n\t\t\t\t<article class=\"elementor-post elementor-grid-item post-29535 post type-post status-publish format-standard has-post-thumbnail hentry category-cabelo tag-escrito-por-seth\">\n\t\t\t\t<a class=\"elementor-post__thumbnail__link\" href=\"https:\/\/omens.com.br\/blog\/cabelo\/caspa-no-cabelo\/\" tabindex=\"-1\" >\n\t\t\t<div class=\"elementor-post__thumbnail\"><img decoding=\"async\" width=\"800\" height=\"280\" src=\"https:\/\/blog1.omens.com.br\/wp-content\/uploads\/2026\/04\/Caspa-no-cabelo-causas-tratamento-prevencao-800x280.webp\" class=\"attachment-medium size-medium wp-image-29538 not-transparent\" alt=\"m\u00e9dico dermatologista em sua cl\u00ednica apresentando um shampoo anticaspa\" data-has-transparency=\"false\" data-dominant-color=\"7e8687\" style=\"--dominant-color: #7e8687\" srcset=\"https:\/\/blog1.omens.com.br\/wp-content\/uploads\/2026\/04\/Caspa-no-cabelo-causas-tratamento-prevencao-800x280.webp 800w, https:\/\/blog1.omens.com.br\/wp-content\/uploads\/2026\/04\/Caspa-no-cabelo-causas-tratamento-prevencao-768x269.webp 768w, https:\/\/blog1.omens.com.br\/wp-content\/uploads\/2026\/04\/Caspa-no-cabelo-causas-tratamento-prevencao.webp 1000w\" sizes=\"(max-width: 800px) 100vw, 800px\" \/><\/div>\n\t\t<\/a>\n\t\t\t\t<div class=\"elementor-post__text\">\n\t\t\t\t<h3 class=\"elementor-post__title\">\n\t\t\t<a href=\"https:\/\/omens.com.br\/blog\/cabelo\/caspa-no-cabelo\/\" >\n\t\t\t\tCaspa no cabelo: causas, tratamento, preven\u00e7\u00e3o\t\t\t<\/a>\n\t\t<\/h3>\n\t\t\t\t<div class=\"elementor-post__excerpt\">\n\t\t\t<p>Shampoos, cuidados di\u00e1rios e mais dicas pr\u00e1ticas para controlar a caspa<\/p>\n\t\t<\/div>\n\t\t\t\t<\/div>\n\t\t\t\t<\/article>\n\t\t\t\t<article class=\"elementor-post elementor-grid-item post-28297 post type-post status-publish format-standard has-post-thumbnail hentry category-cabelo tag-escrito-por-seth\">\n\t\t\t\t<a class=\"elementor-post__thumbnail__link\" href=\"https:\/\/omens.com.br\/blog\/cabelo\/remedio-para-caspa\/\" tabindex=\"-1\" >\n\t\t\t<div class=\"elementor-post__thumbnail\"><img decoding=\"async\" width=\"800\" height=\"280\" src=\"https:\/\/blog1.omens.com.br\/wp-content\/uploads\/2025\/09\/pomada-para-dermatite-seborreica-800x280.webp\" class=\"attachment-medium size-medium wp-image-28298 not-transparent\" alt=\"rio de janeiro nevando na praia como se fossem flocos de caspa\" data-has-transparency=\"false\" data-dominant-color=\"9eb0b9\" style=\"--dominant-color: #9eb0b9\" srcset=\"https:\/\/blog1.omens.com.br\/wp-content\/uploads\/2025\/09\/pomada-para-dermatite-seborreica-800x280.webp 800w, https:\/\/blog1.omens.com.br\/wp-content\/uploads\/2025\/09\/pomada-para-dermatite-seborreica-768x269.webp 768w, https:\/\/blog1.omens.com.br\/wp-content\/uploads\/2025\/09\/pomada-para-dermatite-seborreica.webp 1000w\" sizes=\"(max-width: 800px) 100vw, 800px\" \/><\/div>\n\t\t<\/a>\n\t\t\t\t<div class=\"elementor-post__text\">\n\t\t\t\t<h3 class=\"elementor-post__title\">\n\t\t\t<a href=\"https:\/\/omens.com.br\/blog\/cabelo\/remedio-para-caspa\/\" >\n\t\t\t\tQual o melhor rem\u00e9dio para acabar com a caspa?\t\t\t<\/a>\n\t\t<\/h3>\n\t\t\t\t<div class=\"elementor-post__excerpt\">\n\t\t\t<p>Tem muito tratamento dispon\u00edvel a\u00ed para caspa, com rem\u00e9dios t\u00f3picos e orais<\/p>\n\t\t<\/div>\n\t\t\t\t<\/div>\n\t\t\t\t<\/article>\n\t\t\t\t<article class=\"elementor-post elementor-grid-item post-27372 post type-post status-publish format-standard has-post-thumbnail hentry category-cabelo tag-escrito-por-seth\">\n\t\t\t\t<a class=\"elementor-post__thumbnail__link\" href=\"https:\/\/omens.com.br\/blog\/cabelo\/shampoo-para-caspa\/\" tabindex=\"-1\" >\n\t\t\t<div class=\"elementor-post__thumbnail\"><img loading=\"lazy\" decoding=\"async\" width=\"800\" height=\"280\" src=\"https:\/\/blog1.omens.com.br\/wp-content\/uploads\/2025\/03\/Os-shampoos-anticaspa-sao-uma-opcao-popular-e-eficaz-no-tratamento-da-caspa-800x280.webp\" class=\"attachment-medium size-medium wp-image-27630 not-transparent\" alt=\"homem usando shampoo anticaspa no banho\" data-has-transparency=\"false\" data-dominant-color=\"92806b\" style=\"--dominant-color: #92806b\" srcset=\"https:\/\/blog1.omens.com.br\/wp-content\/uploads\/2025\/03\/Os-shampoos-anticaspa-sao-uma-opcao-popular-e-eficaz-no-tratamento-da-caspa-800x280.webp 800w, https:\/\/blog1.omens.com.br\/wp-content\/uploads\/2025\/03\/Os-shampoos-anticaspa-sao-uma-opcao-popular-e-eficaz-no-tratamento-da-caspa-768x269.webp 768w, https:\/\/blog1.omens.com.br\/wp-content\/uploads\/2025\/03\/Os-shampoos-anticaspa-sao-uma-opcao-popular-e-eficaz-no-tratamento-da-caspa.webp 1000w\" sizes=\"(max-width: 800px) 100vw, 800px\" \/><\/div>\n\t\t<\/a>\n\t\t\t\t<div class=\"elementor-post__text\">\n\t\t\t\t<h3 class=\"elementor-post__title\">\n\t\t\t<a href=\"https:\/\/omens.com.br\/blog\/cabelo\/shampoo-para-caspa\/\" >\n\t\t\t\tShampoo anticaspa: como escolher o melhor para voc\u00ea\t\t\t<\/a>\n\t\t<\/h3>\n\t\t\t\t<div class=\"elementor-post__excerpt\">\n\t\t\t<p>A caspa pode causar coceira e constrangimento, mas h\u00e1 v\u00e1rios tratamentos<\/p>\n\t\t<\/div>\n\t\t\t\t<\/div>\n\t\t\t\t<\/article>\n\t\t\t\t<article class=\"elementor-post elementor-grid-item post-25914 post type-post status-publish format-standard hentry category-cabelo tag-escrito-por-tieny\">\n\t\t\t\t<div class=\"elementor-post__text\">\n\t\t\t\t<h3 class=\"elementor-post__title\">\n\t\t\t<a href=\"https:\/\/omens.com.br\/blog\/cabelo\/micose-na-cabeca\/\" >\n\t\t\t\tComo cuidar de micose na cabe\u00e7a\t\t\t<\/a>\n\t\t<\/h3>\n\t\t\t\t<div class=\"elementor-post__excerpt\">\n\t\t\t<p>A micose \u00e9 uma infec\u00e7\u00e3o causada por fungos que pode afetar a pele e tamb\u00e9m o couro cabeludo. \u00c9 caracterizada<\/p>\n\t\t<\/div>\n\t\t\t\t<\/div>\n\t\t\t\t<\/article>\n\t\t\t\t<article class=\"elementor-post elementor-grid-item post-25071 post type-post status-publish format-standard hentry category-cabelo tag-escrito-por-tieny\">\n\t\t\t\t<div class=\"elementor-post__text\">\n\t\t\t\t<h3 class=\"elementor-post__title\">\n\t\t\t<a href=\"https:\/\/omens.com.br\/blog\/cabelo\/tratamento-para-foliculite-capilar\/\" >\n\t\t\t\tQuais os tratamentos para a foliculite capilar?\t\t\t<\/a>\n\t\t<\/h3>\n\t\t\t\t<div class=\"elementor-post__excerpt\">\n\t\t\t<p>Foliculite \u00e9 uma doen\u00e7a inflamat\u00f3ria comum da pele que afeta seus fol\u00edculos pilosos. Geralmente causada por uma infec\u00e7\u00e3o f\u00fangica ou<\/p>\n\t\t<\/div>\n\t\t\t\t<\/div>\n\t\t\t\t<\/article>\n\t\t\t\t<article class=\"elementor-post elementor-grid-item post-25070 post type-post status-publish format-standard hentry category-cabelo tag-escrito-por-tieny\">\n\t\t\t\t<div class=\"elementor-post__text\">\n\t\t\t\t<h3 class=\"elementor-post__title\">\n\t\t\t<a href=\"https:\/\/omens.com.br\/blog\/cabelo\/foliculite-capilar\/\" >\n\t\t\t\tO que \u00e9 a foliculite capilar?\t\t\t<\/a>\n\t\t<\/h3>\n\t\t\t\t<div class=\"elementor-post__excerpt\">\n\t\t\t<p>J\u00e1 ouviram falar da foliculite? \u00c9 um tipo de inflama\u00e7\u00e3o dos fol\u00edculos pilosos que incomoda muitas pessoas. Pode haver infec\u00e7\u00e3o<\/p>\n\t\t<\/div>\n\t\t\t\t<\/div>\n\t\t\t\t<\/article>\n\t\t\t\t<article class=\"elementor-post elementor-grid-item post-22834 post type-post status-publish format-standard has-post-thumbnail hentry category-cabelo tag-escrito-por-seth\">\n\t\t\t\t<a class=\"elementor-post__thumbnail__link\" href=\"https:\/\/omens.com.br\/blog\/cabelo\/como-acabar-com-caspa\/\" tabindex=\"-1\" >\n\t\t\t<div class=\"elementor-post__thumbnail\"><img loading=\"lazy\" decoding=\"async\" width=\"1\" height=\"1\" src=\"https:\/\/blog1.omens.com.br\/wp-content\/uploads\/2023\/03\/como-acabar-com-caspa-dermatite-seborreica-no-cabelo.webp\" class=\"attachment-medium size-medium wp-image-22865\" alt=\"homem com guarda-chuva em meio a neve caindo, o que lembra a queda da caspa\" \/><\/div>\n\t\t<\/a>\n\t\t\t\t<div class=\"elementor-post__text\">\n\t\t\t\t<h3 class=\"elementor-post__title\">\n\t\t\t<a href=\"https:\/\/omens.com.br\/blog\/cabelo\/como-acabar-com-caspa\/\" >\n\t\t\t\tComo acabar de vez com a caspa?\t\t\t<\/a>\n\t\t<\/h3>\n\t\t\t\t<div class=\"elementor-post__excerpt\">\n\t\t\t<p>A caspa \u00e9 um problema que afeta mais da metade da popula\u00e7\u00e3o mundial adulta.\u00a0Indicamos as melhores formas de resolver a dermatite seborreica.<\/p>\n\t\t<\/div>\n\t\t\t\t<\/div>\n\t\t\t\t<\/article>\n\t\t\t\t<article class=\"elementor-post elementor-grid-item post-21134 post type-post status-publish format-standard has-post-thumbnail hentry category-cabelo tag-escrito-por-seth\">\n\t\t\t\t<a class=\"elementor-post__thumbnail__link\" href=\"https:\/\/omens.com.br\/blog\/cabelo\/cetoconazol-shampoo\/\" tabindex=\"-1\" >\n\t\t\t<div class=\"elementor-post__thumbnail\"><img loading=\"lazy\" decoding=\"async\" width=\"1\" height=\"1\" src=\"https:\/\/blog1.omens.com.br\/wp-content\/uploads\/2022\/10\/cetoconazol-shampoo-anticaspa-bula-como-usar.webp\" class=\"attachment-medium size-medium wp-image-21135\" alt=\"uma m\u00e3o com shampoo produzido com cetoconazol\" \/><\/div>\n\t\t<\/a>\n\t\t\t\t<div class=\"elementor-post__text\">\n\t\t\t\t<h3 class=\"elementor-post__title\">\n\t\t\t<a href=\"https:\/\/omens.com.br\/blog\/cabelo\/cetoconazol-shampoo\/\" >\n\t\t\t\tShampoo cetoconazol: bula e outras informa\u00e7\u00f5es\t\t\t<\/a>\n\t\t<\/h3>\n\t\t\t\t<div class=\"elementor-post__excerpt\">\n\t\t\t<p>A dosagem do shampoo vai depender do tipo e da intensidade do quadro<\/p>\n\t\t<\/div>\n\t\t\t\t<\/div>\n\t\t\t\t<\/article>\n\t\t\t\t<\/div>\n\t\t\n\t\t\t\t\t\t<\/div>\n\t\t\t\t<\/div>\n\t\t\t\t\t<\/div>\n\t\t<\/div>\n\t\t\t\t\t<\/div>\n\t\t<\/section>\n\t\t\t\t<\/div>\n\t\t","protected":false},"excerpt":{"rendered":"","protected":false},"author":12,"featured_media":0,"parent":0,"menu_order":0,"comment_status":"closed","ping_status":"closed","template":"","meta":{"footnotes":""},"class_list":["post-21816","page","type-page","status-publish","hentry"],"yoast_head":"<!-- This site is optimized with the Yoast SEO plugin v27.6 - https:\/\/yoast.com\/product\/yoast-seo-wordpress\/ -->\n<title>Todas as condi\u00e7\u00f5es ligadas a cabelo e seus melhores tratamentos!<\/title>\n<meta name=\"description\" content=\"Como os problemas capilares podem ser tratados? Quais as causas e solu\u00e7\u00f5es? Acompanhe as an\u00e1lises e compara\u00e7\u00f5es da Omens:\" \/>\n<meta name=\"robots\" content=\"index, follow, max-snippet:-1, max-image-preview:large, max-video-preview:-1\" \/>\n<link rel=\"canonical\" href=\"https:\/\/omens.com.br\/blog\/cabelo\/\" \/>\n<meta property=\"og:locale\" content=\"pt_BR\" \/>\n<meta property=\"og:type\" content=\"article\" \/>\n<meta property=\"og:title\" content=\"Todas as condi\u00e7\u00f5es ligadas a cabelo e seus melhores tratamentos!\" \/>\n<meta property=\"og:description\" content=\"Como os problemas capilares podem ser tratados? Quais as causas e solu\u00e7\u00f5es? Acompanhe as an\u00e1lises e compara\u00e7\u00f5es da Omens:\" \/>\n<meta property=\"og:url\" content=\"https:\/\/omens.com.br\/blog\/cabelo\/\" \/>\n<meta property=\"og:site_name\" content=\"Blog Omens\" \/>\n<meta property=\"article:publisher\" content=\"https:\/\/www.facebook.com\/Omensbrasil\/\" \/>\n<meta property=\"article:modified_time\" content=\"2025-06-23T19:51:32+00:00\" \/>\n<meta name=\"twitter:card\" content=\"summary_large_image\" \/>\n<meta name=\"twitter:site\" content=\"@omensbr\" \/>\n<meta name=\"twitter:label1\" content=\"Est. tempo de leitura\" \/>\n\t<meta name=\"twitter:data1\" content=\"3 minutos\" \/>\n<!-- \/ Yoast SEO plugin. -->","yoast_head_json":{"title":"Todas as condi\u00e7\u00f5es ligadas a cabelo e seus melhores tratamentos!","description":"Como os problemas capilares podem ser tratados? Quais as causas e solu\u00e7\u00f5es? Acompanhe as an\u00e1lises e compara\u00e7\u00f5es da Omens:","robots":{"index":"index","follow":"follow","max-snippet":"max-snippet:-1","max-image-preview":"max-image-preview:large","max-video-preview":"max-video-preview:-1"},"canonical":"https:\/\/omens.com.br\/blog\/cabelo\/","og_locale":"pt_BR","og_type":"article","og_title":"Todas as condi\u00e7\u00f5es ligadas a cabelo e seus melhores tratamentos!","og_description":"Como os problemas capilares podem ser tratados? Quais as causas e solu\u00e7\u00f5es? Acompanhe as an\u00e1lises e compara\u00e7\u00f5es da Omens:","og_url":"https:\/\/omens.com.br\/blog\/cabelo\/","og_site_name":"Blog Omens","article_publisher":"https:\/\/www.facebook.com\/Omensbrasil\/","article_modified_time":"2025-06-23T19:51:32+00:00","twitter_card":"summary_large_image","twitter_site":"@omensbr","twitter_misc":{"Est. tempo de leitura":"3 minutos"},"schema":{"@context":"https:\/\/schema.org","@graph":[{"@type":"WebPage","@id":"https:\/\/omens.com.br\/blog\/cabelo\/","url":"https:\/\/omens.com.br\/blog\/cabelo\/","name":"Todas as condi\u00e7\u00f5es ligadas a cabelo e seus melhores tratamentos!","isPartOf":{"@id":"https:\/\/omens.com.br\/blog\/#website"},"datePublished":"2022-11-08T13:42:53+00:00","dateModified":"2025-06-23T19:51:32+00:00","description":"Como os problemas capilares podem ser tratados? Quais as causas e solu\u00e7\u00f5es? Acompanhe as an\u00e1lises e compara\u00e7\u00f5es da Omens:","breadcrumb":{"@id":"https:\/\/omens.com.br\/blog\/cabelo\/#breadcrumb"},"inLanguage":"pt-BR","potentialAction":[{"@type":"ReadAction","target":["https:\/\/omens.com.br\/blog\/cabelo\/"]}]},{"@type":"BreadcrumbList","@id":"https:\/\/omens.com.br\/blog\/cabelo\/#breadcrumb","itemListElement":[{"@type":"ListItem","position":1,"name":"BLOG OMENS","item":"https:\/\/omens.com.br\/blog\/"},{"@type":"ListItem","position":2,"name":"Cabelo"}]},{"@type":"WebSite","@id":"https:\/\/omens.com.br\/blog\/#website","url":"https:\/\/omens.com.br\/blog\/","name":"Blog Omens","description":"A Omens \u00e9 uma plataforma de intermedia\u00e7\u00e3o de sa\u00fade dedicada ao homem. Ela re\u00fane especialistas brasileiros, urologistas e farmac\u00eauticos para construir uma solu\u00e7\u00e3o de qualidade, segura e acess\u00edvel para todos.","publisher":{"@id":"https:\/\/omens.com.br\/blog\/#organization"},"potentialAction":[{"@type":"SearchAction","target":{"@type":"EntryPoint","urlTemplate":"https:\/\/omens.com.br\/blog\/?s={search_term_string}"},"query-input":{"@type":"PropertyValueSpecification","valueRequired":true,"valueName":"search_term_string"}}],"inLanguage":"pt-BR"},{"@type":"Organization","@id":"https:\/\/omens.com.br\/blog\/#organization","name":"Omens","url":"https:\/\/omens.com.br\/blog\/","logo":{"@type":"ImageObject","inLanguage":"pt-BR","@id":"https:\/\/omens.com.br\/blog\/#\/schema\/logo\/image\/","url":"https:\/\/blog1.omens.com.br\/wp-content\/uploads\/2024\/06\/logo-omens-blog-wide.png","contentUrl":"https:\/\/blog1.omens.com.br\/wp-content\/uploads\/2024\/06\/logo-omens-blog-wide.png","width":200,"height":73,"caption":"Omens"},"image":{"@id":"https:\/\/omens.com.br\/blog\/#\/schema\/logo\/image\/"},"sameAs":["https:\/\/www.facebook.com\/Omensbrasil\/","https:\/\/x.com\/omensbr"]}]}},"_links":{"self":[{"href":"https:\/\/omens.com.br\/blog\/wp-json\/wp\/v2\/pages\/21816","targetHints":{"allow":["GET"]}}],"collection":[{"href":"https:\/\/omens.com.br\/blog\/wp-json\/wp\/v2\/pages"}],"about":[{"href":"https:\/\/omens.com.br\/blog\/wp-json\/wp\/v2\/types\/page"}],"author":[{"embeddable":true,"href":"https:\/\/omens.com.br\/blog\/wp-json\/wp\/v2\/users\/12"}],"replies":[{"embeddable":true,"href":"https:\/\/omens.com.br\/blog\/wp-json\/wp\/v2\/comments?post=21816"}],"version-history":[{"count":21,"href":"https:\/\/omens.com.br\/blog\/wp-json\/wp\/v2\/pages\/21816\/revisions"}],"predecessor-version":[{"id":27816,"href":"https:\/\/omens.com.br\/blog\/wp-json\/wp\/v2\/pages\/21816\/revisions\/27816"}],"wp:attachment":[{"href":"https:\/\/omens.com.br\/blog\/wp-json\/wp\/v2\/media?parent=21816"}],"curies":[{"name":"wp","href":"https:\/\/api.w.org\/{rel}","templated":true}]}}